{"id":78,"date":"2023-01-10T20:27:47","date_gmt":"2023-01-10T19:27:47","guid":{"rendered":"http:\/\/cnejec.fr\/?page_id=78"},"modified":"2026-04-08T15:51:48","modified_gmt":"2026-04-08T13:51:48","slug":"annuaire-2","status":"publish","type":"page","link":"https:\/\/cnejec.fr\/index.php\/annuaire-2\/","title":{"rendered":"Annuaire"},"content":{"rendered":"\n<p><strong><font dir=\"auto\" style=\"vertical-align: inherit;\"><font dir=\"auto\" style=\"vertical-align: inherit;\"><font dir=\"auto\" style=\"vertical-align: inherit;\"><font dir=\"auto\" style=\"vertical-align: inherit;\">AULAS Martine<\/font><\/font><\/font><\/font><\/strong><br><font dir=\"auto\" style=\"vertical-align: inherit;\"><font dir=\"auto\" style=\"vertical-align: inherit;\"><font dir=\"auto\" style=\"vertical-align: inherit;\"><font dir=\"auto\" style=\"vertical-align: inherit;\">Expert pr\u00e8s la Cour d&#8217;appel de LYON <\/font><\/font><\/font><\/font><br><font dir=\"auto\" style=\"vertical-align: inherit;\"><font dir=\"auto\" style=\"vertical-align: inherit;\"><font dir=\"auto\" style=\"vertical-align: inherit;\"><font dir=\"auto\" style=\"vertical-align: inherit;\">4 rue des Botti\u00e8res &#8211; 69380 CHAZAY D&#8217;AZERGUES <\/font><\/font><\/font><\/font><br><font dir=\"auto\" style=\"vertical-align: inherit;\"><font dir=\"auto\" style=\"vertical-align: inherit;\"><font dir=\"auto\" style=\"vertical-align: inherit;\"><font dir=\"auto\" style=\"vertical-align: inherit;\">T\u00e9l : 06 83 95 55 88 &#8211; Courriel : <\/font><\/font><\/font><\/font><a href=\"mailto:martine.aulas@dbmail.com\"><font dir=\"auto\" style=\"vertical-align: inherit;\"><font dir=\"auto\" style=\"vertical-align: inherit;\"><font dir=\"auto\" style=\"vertical-align: inherit;\"><font dir=\"auto\" style=\"vertical-align: inherit;\">martine.aulas@dbmail.com<\/font><\/font><\/font><\/font><\/a><\/p>\n\n\n\n<p><strong><font dir=\"auto\" style=\"vertical-align: inherit;\"><font dir=\"auto\" style=\"vertical-align: inherit;\"><font dir=\"auto\" style=\"vertical-align: inherit;\"><font dir=\"auto\" style=\"vertical-align: inherit;\">BAYLE Fran\u00e7ois<\/font><\/font><\/font><\/font><\/strong><br><font dir=\"auto\" style=\"vertical-align: inherit;\"><font dir=\"auto\" style=\"vertical-align: inherit;\"><font dir=\"auto\" style=\"vertical-align: inherit;\"><font dir=\"auto\" style=\"vertical-align: inherit;\"> Expert pr\u00e8s la Cour d&#8217;appel de LYON <\/font><\/font><\/font><\/font><br><font dir=\"auto\" style=\"vertical-align: inherit;\"><font dir=\"auto\" style=\"vertical-align: inherit;\"><font dir=\"auto\" style=\"vertical-align: inherit;\"><font dir=\"auto\" style=\"vertical-align: inherit;\">7 rue Pablo Picasso &#8211; CS70626 &#8211; 42041 ST ETIENNE CEDEX 1 <\/font><\/font><\/font><\/font><br><font dir=\"auto\" style=\"vertical-align: inherit;\"><font dir=\"auto\" style=\"vertical-align: inherit;\"><font dir=\"auto\" style=\"vertical-align: inherit;\"><font dir=\"auto\" style=\"vertical-align: inherit;\">T\u00e9l : 06 76 47 22 91 &#8211; Courriel : <\/font><\/font><\/font><\/font><a href=\"mailto:mbordet@voutay-bordet.fr\"><font dir=\"auto\" style=\"vertical-align: inherit;\"><font dir=\"auto\" style=\"vertical-align: inherit;\"><font dir=\"auto\" style=\"vertical-align: inherit;\"><font dir=\"auto\" style=\"vertical-align: inherit;\">fbayle@gba-eco.com<\/font><\/font><\/font><\/font><\/a><\/p>\n\n\n\n<p><strong><font dir=\"auto\" style=\"vertical-align: inherit;\"><font dir=\"auto\" style=\"vertical-align: inherit;\"><font dir=\"auto\" style=\"vertical-align: inherit;\"><font dir=\"auto\" style=\"vertical-align: inherit;\">BORDET Mathieu<\/font><\/font><\/font><\/font><\/strong><br><font dir=\"auto\" style=\"vertical-align: inherit;\"><font dir=\"auto\" style=\"vertical-align: inherit;\"><font dir=\"auto\" style=\"vertical-align: inherit;\"><font dir=\"auto\" style=\"vertical-align: inherit;\"> Expert pr\u00e8s la Cour d&#8217;appel de LYON <\/font><\/font><\/font><\/font><br><font dir=\"auto\" style=\"vertical-align: inherit;\"><font dir=\"auto\" style=\"vertical-align: inherit;\"><font dir=\"auto\" style=\"vertical-align: inherit;\"><font dir=\"auto\" style=\"vertical-align: inherit;\">37 rue de la Chambre du Roy &#8211; 69380 CHASSELAY <\/font><\/font><\/font><\/font><br><font dir=\"auto\" style=\"vertical-align: inherit;\"><font dir=\"auto\" style=\"vertical-align: inherit;\"><font dir=\"auto\" style=\"vertical-align: inherit;\"><font dir=\"auto\" style=\"vertical-align: inherit;\">T\u00e9l : 06 71 29 23 77 &#8211; Courriel : <\/font><\/font><\/font><\/font><a href=\"mailto:mbordet@voutay-bordet.fr\"><font dir=\"auto\" style=\"vertical-align: inherit;\"><font dir=\"auto\" style=\"vertical-align: inherit;\"><font dir=\"auto\" style=\"vertical-align: inherit;\"><font dir=\"auto\" style=\"vertical-align: inherit;\">mbordet@voutay-bordet.fr<\/font><\/font><\/font><\/font><\/a><\/p>\n\n\n\n<p><strong><font dir=\"auto\" style=\"vertical-align: inherit;\"><font dir=\"auto\" style=\"vertical-align: inherit;\"><font dir=\"auto\" style=\"vertical-align: inherit;\"><font dir=\"auto\" style=\"vertical-align: inherit;\">CUSY Marc<\/font><\/font><\/font><\/font><\/strong><br><font dir=\"auto\" style=\"vertical-align: inherit;\"><font dir=\"auto\" style=\"vertical-align: inherit;\"><font dir=\"auto\" style=\"vertical-align: inherit;\"><font dir=\"auto\" style=\"vertical-align: inherit;\"> Expert pr\u00e8s de la Cour d&#8217;appel de MONTPELLIER <\/font><\/font><\/font><\/font><br><font dir=\"auto\" style=\"vertical-align: inherit;\"><font dir=\"auto\" style=\"vertical-align: inherit;\"><font dir=\"auto\" style=\"vertical-align: inherit;\"><font dir=\"auto\" style=\"vertical-align: inherit;\">20, Rue des Fours &#8211; 34750 VILLENEUVE LES MAGUELONE <\/font><\/font><\/font><\/font><br><font dir=\"auto\" style=\"vertical-align: inherit;\"><font dir=\"auto\" style=\"vertical-align: inherit;\"><font dir=\"auto\" style=\"vertical-align: inherit;\"><font dir=\"auto\" style=\"vertical-align: inherit;\">T\u00e9l : 04 67 83 65 23 &#8211; Courriel : <\/font><\/font><\/font><\/font><a href=\"mailto:marc@cusyeconomiste.fr\"><font dir=\"auto\" style=\"vertical-align: inherit;\"><font dir=\"auto\" style=\"vertical-align: inherit;\"><font dir=\"auto\" style=\"vertical-align: inherit;\"><font dir=\"auto\" style=\"vertical-align: inherit;\">marc@cusyeconomiste.fr<\/font><\/font><\/font><\/font><\/a><\/p>\n\n\n\n<p><strong><font dir=\"auto\" style=\"vertical-align: inherit;\"><font dir=\"auto\" style=\"vertical-align: inherit;\"><font dir=\"auto\" style=\"vertical-align: inherit;\"><font dir=\"auto\" style=\"vertical-align: inherit;\">GALLINELLI Alfred<\/font><\/font><\/font><\/font><\/strong><br><font dir=\"auto\" style=\"vertical-align: inherit;\"><font dir=\"auto\" style=\"vertical-align: inherit;\"><font dir=\"auto\" style=\"vertical-align: inherit;\"><font dir=\"auto\" style=\"vertical-align: inherit;\"> Expert pr\u00e8s la Cour administrative d&#8217;appel de MARSEILLE <\/font><\/font><\/font><\/font><br><font dir=\"auto\" style=\"vertical-align: inherit;\"><font dir=\"auto\" style=\"vertical-align: inherit;\"><font dir=\"auto\" style=\"vertical-align: inherit;\"><font dir=\"auto\" style=\"vertical-align: inherit;\">70 avenue de la Colle &#8211; 06800 CAGNES SUR MER <\/font><\/font><\/font><\/font><br><font dir=\"auto\" style=\"vertical-align: inherit;\"><font dir=\"auto\" style=\"vertical-align: inherit;\"><font dir=\"auto\" style=\"vertical-align: inherit;\"><font dir=\"auto\" style=\"vertical-align: inherit;\">T\u00e9l : 06 07 01 67 79 &#8211; Courriel : <\/font><\/font><\/font><\/font><a href=\"mailto:alfred.gallinelli@expert-de-justice.org\"><font dir=\"auto\" style=\"vertical-align: inherit;\"><font dir=\"auto\" style=\"vertical-align: inherit;\"><font dir=\"auto\" style=\"vertical-align: inherit;\"><font dir=\"auto\" style=\"vertical-align: inherit;\">alfred.gallinelli@expert-de-justice.org<\/font><\/font><\/font><\/font><\/a><\/p>\n\n\n\n<p><strong><font dir=\"auto\" style=\"vertical-align: inherit;\"><font dir=\"auto\" style=\"vertical-align: inherit;\"><font dir=\"auto\" style=\"vertical-align: inherit;\"><font dir=\"auto\" style=\"vertical-align: inherit;\">GARATE Fabienne<\/font><\/font><\/font><\/font><\/strong><br><font dir=\"auto\" style=\"vertical-align: inherit;\"><font dir=\"auto\" style=\"vertical-align: inherit;\"><font dir=\"auto\" style=\"vertical-align: inherit;\"><font dir=\"auto\" style=\"vertical-align: inherit;\"> Expert pr\u00e8s de la Cour d&#8217;appel d&#8217;AIX EN PROVENCE <\/font><\/font><\/font><\/font><br><font dir=\"auto\" style=\"vertical-align: inherit;\"><font dir=\"auto\" style=\"vertical-align: inherit;\"><font dir=\"auto\" style=\"vertical-align: inherit;\"><font dir=\"auto\" style=\"vertical-align: inherit;\">Expert pr\u00e8s de la Cour administrative d&#8217;appel de MARSEILLE <\/font><\/font><\/font><\/font><br><font dir=\"auto\" style=\"vertical-align: inherit;\"><font dir=\"auto\" style=\"vertical-align: inherit;\"><font dir=\"auto\" style=\"vertical-align: inherit;\"><font dir=\"auto\" style=\"vertical-align: inherit;\">89 Rue du docteur Cauvin &#8211; 13012 MARSEILLE <\/font><\/font><\/font><\/font><br><font dir=\"auto\" style=\"vertical-align: inherit;\"><font dir=\"auto\" style=\"vertical-align: inherit;\"><font dir=\"auto\" style=\"vertical-align: inherit;\"><font dir=\"auto\" style=\"vertical-align: inherit;\">T\u00e9l : 06 86 41 48 09 &#8211; Courriel : <a href=\"mailto:fa.garate@free.fr\">fa.garate@free.fr<\/a><\/font><\/font><\/font><\/font><\/p>\n\n\n\n<p><strong><font dir=\"auto\" style=\"vertical-align: inherit;\"><font dir=\"auto\" style=\"vertical-align: inherit;\"><font dir=\"auto\" style=\"vertical-align: inherit;\"><font dir=\"auto\" style=\"vertical-align: inherit;\">GIBILARO Alain<\/font><\/font><\/font><\/font><\/strong><br><font dir=\"auto\" style=\"vertical-align: inherit;\"><font dir=\"auto\" style=\"vertical-align: inherit;\"><font dir=\"auto\" style=\"vertical-align: inherit;\"><font dir=\"auto\" style=\"vertical-align: inherit;\"> Expert pr\u00e8s la Cour d&#8217;appel d&#8217;AIX EN PROVENCE <\/font><\/font><\/font><\/font><br><font dir=\"auto\" style=\"vertical-align: inherit;\"><font dir=\"auto\" style=\"vertical-align: inherit;\"><font dir=\"auto\" style=\"vertical-align: inherit;\"><font dir=\"auto\" style=\"vertical-align: inherit;\">61 all\u00e9e Jean de Florette &#8211; 13420 GEMENOS <\/font><\/font><\/font><\/font><br><font dir=\"auto\" style=\"vertical-align: inherit;\"><font dir=\"auto\" style=\"vertical-align: inherit;\"><font dir=\"auto\" style=\"vertical-align: inherit;\"><font dir=\"auto\" style=\"vertical-align: inherit;\">T\u00e9l : 06 38 19 95 43 &#8211; Courriel : <a href=\"mailto:alain.gibilaro@expert-de-justice.org\">alain.gibilaro@expert-de-justice.org<\/a><\/font><\/font><\/font><\/font><\/p>\n\n\n\n<p><strong><font dir=\"auto\" style=\"vertical-align: inherit;\"><font dir=\"auto\" style=\"vertical-align: inherit;\">GOUVERNAIRE Philippe<\/font><\/font><\/strong><br><font dir=\"auto\" style=\"vertical-align: inherit;\"><font dir=\"auto\" style=\"vertical-align: inherit;\">Expert honoraire pr\u00e8s la Cour d&#8217;appel de PARIS <\/font><\/font><br><font dir=\"auto\" style=\"vertical-align: inherit;\"><font dir=\"auto\" style=\"vertical-align: inherit;\">Expert honoraire pr\u00e8s la Cour administrative d&#8217;appel de PARIS <\/font><\/font><br><font dir=\"auto\" style=\"vertical-align: inherit;\"><font dir=\"auto\" style=\"vertical-align: inherit;\">Expert honoraire agr\u00e9\u00e9 par la Cour de Cassation <\/font><\/font><br><font dir=\"auto\" style=\"vertical-align: inherit;\"><font dir=\"auto\" style=\"vertical-align: inherit;\">4 rue Largill\u00e8re &#8211; 75016 PARIS <\/font><\/font><br><font dir=\"auto\" style=\"vertical-align: inherit;\"><font dir=\"auto\" style=\"vertical-align: inherit;\">T\u00e9l : 06 30 39 01 90 &#8211; Courriel : <\/font><\/font><a href=\"mailto:cab.gouvernaire@free.fr\"><font dir=\"auto\" style=\"vertical-align: inherit;\"><font dir=\"auto\" style=\"vertical-align: inherit;\">cab.gouvernaire@free.fr<\/font><\/font><\/a><\/p>\n\n\n\n<p><strong><font dir=\"auto\" style=\"vertical-align: inherit;\"><font dir=\"auto\" style=\"vertical-align: inherit;\">GUILLOT Jacques<\/font><\/font><\/strong><br><font dir=\"auto\" style=\"vertical-align: inherit;\"><font dir=\"auto\" style=\"vertical-align: inherit;\">Expert pr\u00e8s de la Cour d&#8217;appel de NANCY <\/font><\/font><br><font dir=\"auto\" style=\"vertical-align: inherit;\"><font dir=\"auto\" style=\"vertical-align: inherit;\">Expert pr\u00e8s de la Cour administrative d&#8217;appel de NANCY <\/font><\/font><br><font dir=\"auto\" style=\"vertical-align: inherit;\"><font dir=\"auto\" style=\"vertical-align: inherit;\">11 rue du pot \u00e0 l&#8217;oiseau &#8211; 88390 LES FORGES <\/font><\/font><br><font dir=\"auto\" style=\"vertical-align: inherit;\"><font dir=\"auto\" style=\"vertical-align: inherit;\">T\u00e9l : 06 08 31 06 23 &#8211; Courriel : <\/font><\/font><a href=\"mailto:guillot.economie@gmail.com\"><font dir=\"auto\" style=\"vertical-align: inherit;\"><font dir=\"auto\" style=\"vertical-align: inherit;\">guillot.economie@gmail.com<\/font><\/font><\/a><\/p>\n\n\n\n<p><strong><font dir=\"auto\" style=\"vertical-align: inherit;\"><font dir=\"auto\" style=\"vertical-align: inherit;\">GUTIERREZ-LOPEZ Francis<\/font><\/font><\/strong><br><font dir=\"auto\" style=\"vertical-align: inherit;\"><font dir=\"auto\" style=\"vertical-align: inherit;\">Expert pr\u00e8s la Cour d&#8217;appel de MONTPELLIER <\/font><\/font><br><font dir=\"auto\" style=\"vertical-align: inherit;\"><font dir=\"auto\" style=\"vertical-align: inherit;\">10 Boulevard Lamartine &#8211; 34340 MARSEILLAN <\/font><\/font><br><font dir=\"auto\" style=\"vertical-align: inherit;\"><font dir=\"auto\" style=\"vertical-align: inherit;\">T\u00e9l : 06 80 54 56 64 &#8211; Courriel : <\/font><\/font><a href=\"mailto:gutierrezfrancis@gmail.com\"><font dir=\"auto\" style=\"vertical-align: inherit;\"><font dir=\"auto\" style=\"vertical-align: inherit;\">gutierrezfrancis@gmail.com<\/font><\/font><\/a><\/p>\n\n\n\n<p><strong><font dir=\"auto\" style=\"vertical-align: inherit;\"><font dir=\"auto\" style=\"vertical-align: inherit;\">LANOY Herv\u00e9<\/font><\/font><\/strong><br><font dir=\"auto\" style=\"vertical-align: inherit;\"><font dir=\"auto\" style=\"vertical-align: inherit;\">Expert honoraire pr\u00e8s la Cour d&#8217;appel de PARIS <\/font><\/font><br><font dir=\"auto\" style=\"vertical-align: inherit;\"><font dir=\"auto\" style=\"vertical-align: inherit;\">24 rue de Paris &#8211; 94470 BOISSY SAINT LEGER <\/font><\/font><br><font dir=\"auto\" style=\"vertical-align: inherit;\"><font dir=\"auto\" style=\"vertical-align: inherit;\">T\u00e9l : 06 07 73 53 52 &#8211; Courriel : <\/font><\/font><a href=\"mailto:lanoy@club-internet.fr\"><font dir=\"auto\" style=\"vertical-align: inherit;\"><font dir=\"auto\" style=\"vertical-align: inherit;\">lanoy@club-internet.fr<\/font><\/font><\/a><\/p>\n\n\n\n<p><strong><font dir=\"auto\" style=\"vertical-align: inherit;\"><font dir=\"auto\" style=\"vertical-align: inherit;\"><font dir=\"auto\" style=\"vertical-align: inherit;\"><font dir=\"auto\" style=\"vertical-align: inherit;\">LEFEVRE-LUQUET Didier<\/font><\/font><\/font><\/font><\/strong><br><font dir=\"auto\" style=\"vertical-align: inherit;\"><font dir=\"auto\" style=\"vertical-align: inherit;\"><font dir=\"auto\" style=\"vertical-align: inherit;\"><font dir=\"auto\" style=\"vertical-align: inherit;\"> Expert honoraire pr\u00e8s la Cour d&#8217;appel de GRENOBLE<\/font><\/font><\/font><\/font><br><font dir=\"auto\" style=\"vertical-align: inherit;\"><font dir=\"auto\" style=\"vertical-align: inherit;\"> 87 Cours de la Lib\u00e9ration &#8211; 38100 GRENOBLE<\/font><\/font><br><font dir=\"auto\" style=\"vertical-align: inherit;\"><font dir=\"auto\" style=\"vertical-align: inherit;\"><font dir=\"auto\" style=\"vertical-align: inherit;\"><font dir=\"auto\" style=\"vertical-align: inherit;\"> T\u00e9l : 07 69 73 40 75 &#8211; Courriel : <a href=\"mailto:d.lefevreluquet@gmail.com\">d.lefevreluquet@gmail.com<\/a><\/font><\/font><\/font><\/font><\/p>\n\n\n\n<p><strong><font dir=\"auto\" style=\"vertical-align: inherit;\"><font dir=\"auto\" style=\"vertical-align: inherit;\"><font dir=\"auto\" style=\"vertical-align: inherit;\"><font dir=\"auto\" style=\"vertical-align: inherit;\">MEUNIER Johnny<\/font><\/font><\/font><\/font><\/strong><br><font dir=\"auto\" style=\"vertical-align: inherit;\"><font dir=\"auto\" style=\"vertical-align: inherit;\"><font dir=\"auto\" style=\"vertical-align: inherit;\"><font dir=\"auto\" style=\"vertical-align: inherit;\"> Expert pr\u00e8s de la Cour d&#8217;appel d&#8217;AMIENS <\/font><\/font><\/font><\/font><br><font dir=\"auto\" style=\"vertical-align: inherit;\"><font dir=\"auto\" style=\"vertical-align: inherit;\"><font dir=\"auto\" style=\"vertical-align: inherit;\"><font dir=\"auto\" style=\"vertical-align: inherit;\">Expert pr\u00e8s de la Cour d&#8217;appel de DOUAI <\/font><\/font><\/font><\/font><br><font dir=\"auto\" style=\"vertical-align: inherit;\"><font dir=\"auto\" style=\"vertical-align: inherit;\"><font dir=\"auto\" style=\"vertical-align: inherit;\"><font dir=\"auto\" style=\"vertical-align: inherit;\">4 rue de la fontaine &#8211; 02260 PAPLEUX <\/font><\/font><\/font><\/font><br><font dir=\"auto\" style=\"vertical-align: inherit;\"><font dir=\"auto\" style=\"vertical-align: inherit;\"><font dir=\"auto\" style=\"vertical-align: inherit;\"><font dir=\"auto\" style=\"vertical-align: inherit;\">T\u00e9l : 06 76 80 21 16 &#8211; Courriel : <\/font><\/font><\/font><\/font><a href=\"mailto:sofime.ingenierie@orange.fr\"><font dir=\"auto\" style=\"vertical-align: inherit;\"><font dir=\"auto\" style=\"vertical-align: inherit;\"><font dir=\"auto\" style=\"vertical-align: inherit;\"><font dir=\"auto\" style=\"vertical-align: inherit;\">sofime.ingenierie@orange.fr<\/font><\/font><\/font><\/font><\/a><\/p>\n\n\n\n<p><strong><font dir=\"auto\" style=\"vertical-align: inherit;\"><font dir=\"auto\" style=\"vertical-align: inherit;\"><font dir=\"auto\" style=\"vertical-align: inherit;\"><font dir=\"auto\" style=\"vertical-align: inherit;\">QUANTIN MORGAT Marie H\u00e9l\u00e8ne<\/font><\/font><\/font><\/font><\/strong><br><font dir=\"auto\" style=\"vertical-align: inherit;\"><font dir=\"auto\" style=\"vertical-align: inherit;\"><font dir=\"auto\" style=\"vertical-align: inherit;\"><font dir=\"auto\" style=\"vertical-align: inherit;\"> Expert pr\u00e8s la Cour d&#8217;appel de LYON <\/font><\/font><\/font><\/font><br><font dir=\"auto\" style=\"vertical-align: inherit;\"><font dir=\"auto\" style=\"vertical-align: inherit;\"><font dir=\"auto\" style=\"vertical-align: inherit;\"><font dir=\"auto\" style=\"vertical-align: inherit;\">15 Rue des Fr\u00e8res Lumi\u00e8re &#8211; BP 50078 &#8211; 69680 CHASSIEU <\/font><\/font><\/font><\/font><br><font dir=\"auto\" style=\"vertical-align: inherit;\"><font dir=\"auto\" style=\"vertical-align: inherit;\"><font dir=\"auto\" style=\"vertical-align: inherit;\"><font dir=\"auto\" style=\"vertical-align: inherit;\">T\u00e9l : 06 18 78 49 31 &#8211; Courriel : <\/font><\/font><\/font><\/font><a href=\"mailto:contact@expertisesacs.fr\"><font dir=\"auto\" style=\"vertical-align: inherit;\"><font dir=\"auto\" style=\"vertical-align: inherit;\"><font dir=\"auto\" style=\"vertical-align: inherit;\"><font dir=\"auto\" style=\"vertical-align: inherit;\">contact@expertisesacs.fr<\/font><\/font><\/font><\/font><\/a><\/p>\n\n\n\n<p><strong><font dir=\"auto\" style=\"vertical-align: inherit;\"><font dir=\"auto\" style=\"vertical-align: inherit;\"><font dir=\"auto\" style=\"vertical-align: inherit;\"><font dir=\"auto\" style=\"vertical-align: inherit;\">QUILFEN Mich\u00e8le<\/font><\/font><\/font><\/font><\/strong><br><font dir=\"auto\" style=\"vertical-align: inherit;\"><font dir=\"auto\" style=\"vertical-align: inherit;\"><font dir=\"auto\" style=\"vertical-align: inherit;\"><font dir=\"auto\" style=\"vertical-align: inherit;\"> Expert pr\u00e8s la Cour d&#8217;appel de RENNES <\/font><\/font><\/font><\/font><br><font dir=\"auto\" style=\"vertical-align: inherit;\"><font dir=\"auto\" style=\"vertical-align: inherit;\"><font dir=\"auto\" style=\"vertical-align: inherit;\"><font dir=\"auto\" style=\"vertical-align: inherit;\">14, Menez Boutin &#8211; 29120 COMBRIT <\/font><\/font><\/font><\/font><br><font dir=\"auto\" style=\"vertical-align: inherit;\"><font dir=\"auto\" style=\"vertical-align: inherit;\"><font dir=\"auto\" style=\"vertical-align: inherit;\"><font dir=\"auto\" style=\"vertical-align: inherit;\">T\u00e9l : 06 69 13 20 32 &#8211; Courriel : <\/font><\/font><\/font><\/font><a href=\"mailto:contact@exciq.com\"><font dir=\"auto\" style=\"vertical-align: inherit;\"><font dir=\"auto\" style=\"vertical-align: inherit;\"><font dir=\"auto\" style=\"vertical-align: inherit;\"><font dir=\"auto\" style=\"vertical-align: inherit;\">contact@exciq.com<\/font><\/font><\/font><\/font><\/a><\/p>\n\n\n\n<p><strong><font dir=\"auto\" style=\"vertical-align: inherit;\"><font dir=\"auto\" style=\"vertical-align: inherit;\"><font dir=\"auto\" style=\"vertical-align: inherit;\"><font dir=\"auto\" style=\"vertical-align: inherit;\">SEVIN G\u00e9rard<\/font><\/font><\/font><\/font><\/strong><br><font dir=\"auto\" style=\"vertical-align: inherit;\"><font dir=\"auto\" style=\"vertical-align: inherit;\"><font dir=\"auto\" style=\"vertical-align: inherit;\"><font dir=\"auto\" style=\"vertical-align: inherit;\"> Expert honoraire pr\u00e8s la Cour d&#8217;appel d&#8217;AIX EN PROVENCE <\/font><\/font><\/font><\/font><br><font dir=\"auto\" style=\"vertical-align: inherit;\"><font dir=\"auto\" style=\"vertical-align: inherit;\"><font dir=\"auto\" style=\"vertical-align: inherit;\"><font dir=\"auto\" style=\"vertical-align: inherit;\">141 Chemin du Pelvoux &#8211; 83200 TOULON <\/font><\/font><\/font><\/font><br><font dir=\"auto\" style=\"vertical-align: inherit;\"><font dir=\"auto\" style=\"vertical-align: inherit;\"><font dir=\"auto\" style=\"vertical-align: inherit;\"><font dir=\"auto\" style=\"vertical-align: inherit;\">T\u00e9l : 06 71 65 52 93 &#8211; Courriel : <\/font><\/font><\/font><\/font><a href=\"mailto:gsevin@sevin-expertises.com\"><font dir=\"auto\" style=\"vertical-align: inherit;\"><font dir=\"auto\" style=\"vertical-align: inherit;\"><font dir=\"auto\" style=\"vertical-align: inherit;\"><font dir=\"auto\" style=\"vertical-align: inherit;\">gsevin@sevin-expertises.com<\/font><\/font><\/font><\/font><\/a><\/p>\n\n\n\n<p><strong><font dir=\"auto\" style=\"vertical-align: inherit;\"><font dir=\"auto\" style=\"vertical-align: inherit;\"><font dir=\"auto\" style=\"vertical-align: inherit;\"><font dir=\"auto\" style=\"vertical-align: inherit;\">SEYMARC Nicolas<\/font><\/font><\/font><\/font><\/strong><br><font dir=\"auto\" style=\"vertical-align: inherit;\"><font dir=\"auto\" style=\"vertical-align: inherit;\"><font dir=\"auto\" style=\"vertical-align: inherit;\"><font dir=\"auto\" style=\"vertical-align: inherit;\"> Expert pr\u00e8s la Cour d&#8217;appel de LYON <\/font><\/font><\/font><\/font><br><font dir=\"auto\" style=\"vertical-align: inherit;\"><font dir=\"auto\" style=\"vertical-align: inherit;\"><font dir=\"auto\" style=\"vertical-align: inherit;\"><font dir=\"auto\" style=\"vertical-align: inherit;\">26, route de Gen\u00e8ve &#8211; 01700 NEYRON <\/font><\/font><\/font><\/font><br><font dir=\"auto\" style=\"vertical-align: inherit;\"><font dir=\"auto\" style=\"vertical-align: inherit;\"><font dir=\"auto\" style=\"vertical-align: inherit;\"><font dir=\"auto\" style=\"vertical-align: inherit;\">T\u00e9l : 06 28 07 69 15 &#8211; Courriel : <a href=\"mailto:nicolas.seymarc@sct-travaux.fr\">nicolas.seymarc@sct-travaux.fr<\/a><\/font><\/font><\/font><\/font><\/p>\n\n\n\n<p><\/p>\n\n\n\n<p><\/p>\n","protected":false},"excerpt":{"rendered":"<p>AULAS MartineExpert pr\u00e8s la Cour d&#8217;appel de LYON 4 rue des Botti\u00e8res &#8211; 69380 CHAZAY D&#8217;AZERGUES T\u00e9l : 06 83 95 55 88 &#8211; Courriel : martine.aulas@dbmail.com BAYLE Fran\u00e7ois Expert pr\u00e8s la Cour d&#8217;appel de LYON 7 rue Pablo Picasso &#8211; CS70626 &#8211; 42041 ST ETIENNE CEDEX 1 T\u00e9l : 06 76 47 22 91 &hellip; <\/p>\n<p class=\"link-more\"><a href=\"https:\/\/cnejec.fr\/index.php\/annuaire-2\/\" class=\"more-link\">Read more<span class=\"screen-reader-text\"> &#8220;Annuaire&#8221;<\/span><\/a><\/p>\n","protected":false},"author":1,"featured_media":0,"parent":0,"menu_order":0,"comment_status":"closed","ping_status":"closed","template":"","meta":{"footnotes":""},"class_list":["post-78","page","type-page","status-publish","hentry"],"featured_media_urls":[],"_links":{"self":[{"href":"https:\/\/cnejec.fr\/index.php\/wp-json\/wp\/v2\/pages\/78","targetHints":{"allow":["GET"]}}],"collection":[{"href":"https:\/\/cnejec.fr\/index.php\/wp-json\/wp\/v2\/pages"}],"about":[{"href":"https:\/\/cnejec.fr\/index.php\/wp-json\/wp\/v2\/types\/page"}],"author":[{"embeddable":true,"href":"https:\/\/cnejec.fr\/index.php\/wp-json\/wp\/v2\/users\/1"}],"replies":[{"embeddable":true,"href":"https:\/\/cnejec.fr\/index.php\/wp-json\/wp\/v2\/comments?post=78"}],"version-history":[{"count":18,"href":"https:\/\/cnejec.fr\/index.php\/wp-json\/wp\/v2\/pages\/78\/revisions"}],"predecessor-version":[{"id":351,"href":"https:\/\/cnejec.fr\/index.php\/wp-json\/wp\/v2\/pages\/78\/revisions\/351"}],"wp:attachment":[{"href":"https:\/\/cnejec.fr\/index.php\/wp-json\/wp\/v2\/media?parent=78"}],"curies":[{"name":"wp","href":"https:\/\/api.w.org\/{rel}","templated":true}]}}