{"id":15,"date":"2023-01-10T18:56:33","date_gmt":"2023-01-10T17:56:33","guid":{"rendered":"http:\/\/cnejec.fr\/?page_id=15"},"modified":"2023-03-13T12:04:51","modified_gmt":"2023-03-13T11:04:51","slug":"about","status":"publish","type":"page","link":"https:\/\/cnejec.fr\/index.php\/about\/","title":{"rendered":"Pr\u00e9sentation"},"content":{"rendered":"\n<h2 class=\"has-large-font-size wp-block-heading\" id=\"inspiro-is-a-digital-product-agency-that-focuses-on-strategy-and-design\" style=\"font-style:normal;font-weight:100\"><\/h2>\n\n\n\n<p>Fond\u00e9e le 2 d\u00e9cembre 1993, la Compagnie Nationale des Experts de Justice Economistes de la Construction (CNEJEC) est une association \u00e0 but non lucratif qui rel\u00e8ve de la loi du 1er juillet 1901. Elle est membre du Conseil National des Compagnies d\u2019Experts de Justice (CNCEJ), association reconnue d\u2019utilit\u00e9 publique par d\u00e9cret du 31 mars 2008,&nbsp; qui f\u00e9d\u00e8re les compagnies d\u2019experts de justice.<\/p>\n\n\n\n<p>La compagnie rassemble les experts de justice inscrits dans la rubrique &#8220;\u00e9conomie de la construction&#8221; des Cours d&#8217;appel et Cours administratives d&#8217;appel, dont l&#8217;activit\u00e9 professionnelle, les dipl\u00f4mes et\/ou les qualifications professionnelles attestent d&#8217;une v\u00e9ritable comp\u00e9tence en \u00e9conomie de la construction. L&#8217;admission est d\u00e9cid\u00e9e par vote du conseil d&#8217;administration sur la base du dossier pr\u00e9sent\u00e9 par le candidat. <\/p>\n\n\n\n<p>La compagnie a pour objet :<\/p>\n\n\n\n<p>1) D\u2019assurer la repr\u00e9sentation de ses membres aupr\u00e8s des Cours de Cassation, des Cours d\u2019appel, des Cours administratives d\u2019appel et des juridictions de leur ressort, ainsi qu\u2019aupr\u00e8s des autres compagnies d\u2019experts et de tous les autres organismes int\u00e9ressant la fonction d\u2019expert de justice.<\/p>\n\n\n\n<p>2) De maintenir la stricte observation des r\u00e8gles de l\u2019expertise judiciaire, afin d\u2019offrir aux Cours, aux Tribunaux et aux Justiciables, les garanties indispensables d\u2019honorabilit\u00e9, de probit\u00e9 et de comp\u00e9tences.<\/p>\n\n\n\n<p>3) D\u2019\u00e9tudier tous les probl\u00e8mes int\u00e9ressant la fonction d\u2019expert judiciaire.<\/p>\n\n\n\n<p>4) De participer \u00e0 l\u2019information des Experts, au besoin par l\u2019organisation de rencontres, de formations et de conf\u00e9rences, avec le concours de toutes personnes qualifi\u00e9es.<\/p>\n\n\n\n<p>5) De maintenir et d\u00e9velopper les r\u00e8gles de confraternit\u00e9 et de courtoisie professionnelle.<\/p>\n\n\n\n<p>Notre compagnie se doit aussi de faire conna\u00eetre nos membres et leurs domaines de comp\u00e9tence \u00e0 tous ceux qui ont besoin de recourir \u00e0 des expertises et de d\u00e9velopper les synergies avec les autres compagnies judiciaires.<\/p>\n\n\n\n<h3 class=\"has-large-font-size wp-block-heading\" id=\"inspiro-is-a-digital-product-agency-that-focuses-on-strategy-and-desig\" style=\"font-weight:300\"><\/h3>\n\n\n\n<p><img loading=\"lazy\" decoding=\"async\" width=\"1000\" height=\"966\" class=\"wp-image-178\" style=\"width: 1000px;\" src=\"http:\/\/cnejec.fr\/wp-content\/uploads\/2023\/01\/Image-logo-sur-fond-blanc.png\" alt=\"\" srcset=\"https:\/\/cnejec.fr\/wp-content\/uploads\/2023\/01\/Image-logo-sur-fond-blanc.png 801w, https:\/\/cnejec.fr\/wp-content\/uploads\/2023\/01\/Image-logo-sur-fond-blanc-300x290.png 300w, https:\/\/cnejec.fr\/wp-content\/uploads\/2023\/01\/Image-logo-sur-fond-blanc-768x742.png 768w, https:\/\/cnejec.fr\/wp-content\/uploads\/2023\/01\/Image-logo-sur-fond-blanc-600x580.png 600w\" sizes=\"auto, (max-width: 1000px) 100vw, 1000px\" \/><\/p>\n","protected":false},"excerpt":{"rendered":"<p>Fond\u00e9e le 2 d\u00e9cembre 1993, la Compagnie Nationale des Experts de Justice Economistes de la Construction (CNEJEC) est une association \u00e0 but non lucratif qui rel\u00e8ve de la loi du 1er juillet 1901. Elle est membre du Conseil National des Compagnies d\u2019Experts de Justice (CNCEJ), association reconnue d\u2019utilit\u00e9 publique par d\u00e9cret du 31 mars 2008,&nbsp; &hellip; <\/p>\n<p class=\"link-more\"><a href=\"https:\/\/cnejec.fr\/index.php\/about\/\" class=\"more-link\">Read more<span class=\"screen-reader-text\"> &#8220;Pr\u00e9sentation&#8221;<\/span><\/a><\/p>\n","protected":false},"author":1,"featured_media":100,"parent":0,"menu_order":0,"comment_status":"closed","ping_status":"closed","template":"","meta":{"footnotes":""},"class_list":["post-15","page","type-page","status-publish","has-post-thumbnail","hentry"],"featured_media_urls":{"thumbnail":["https:\/\/cnejec.fr\/wp-content\/uploads\/2023\/01\/fond_ecran2-150x150.jpg",150,150,true],"medium":["https:\/\/cnejec.fr\/wp-content\/uploads\/2023\/01\/fond_ecran2-300x200.jpg",300,200,true],"medium_large":["https:\/\/cnejec.fr\/wp-content\/uploads\/2023\/01\/fond_ecran2-768x513.jpg",768,513,true],"large":["https:\/\/cnejec.fr\/wp-content\/uploads\/2023\/01\/fond_ecran2-1024x684.jpg",950,635,true],"1536x1536":["https:\/\/cnejec.fr\/wp-content\/uploads\/2023\/01\/fond_ecran2.jpg",1200,801,false],"2048x2048":["https:\/\/cnejec.fr\/wp-content\/uploads\/2023\/01\/fond_ecran2.jpg",1200,801,false],"inspiro-featured-image":["https:\/\/cnejec.fr\/wp-content\/uploads\/2023\/01\/fond_ecran2.jpg",1200,801,false],"inspiro-loop":["https:\/\/cnejec.fr\/wp-content\/uploads\/2023\/01\/fond_ecran2-950x320.jpg",950,320,true],"inspiro-loop@2x":["https:\/\/cnejec.fr\/wp-content\/uploads\/2023\/01\/fond_ecran2-1200x640.jpg",1200,640,true],"portfolio_item-thumbnail":["https:\/\/cnejec.fr\/wp-content\/uploads\/2023\/01\/fond_ecran2-600x400.jpg",600,400,true],"portfolio_item-masonry":["https:\/\/cnejec.fr\/wp-content\/uploads\/2023\/01\/fond_ecran2-600x401.jpg",600,401,true],"portfolio_item-thumbnail_cinema":["https:\/\/cnejec.fr\/wp-content\/uploads\/2023\/01\/fond_ecran2-800x335.jpg",800,335,true],"portfolio_item-thumbnail_portrait":["https:\/\/cnejec.fr\/wp-content\/uploads\/2023\/01\/fond_ecran2-600x801.jpg",600,801,true],"portfolio_item-thumbnail_square":["https:\/\/cnejec.fr\/wp-content\/uploads\/2023\/01\/fond_ecran2-800x800.jpg",800,800,true]},"_links":{"self":[{"href":"https:\/\/cnejec.fr\/index.php\/wp-json\/wp\/v2\/pages\/15","targetHints":{"allow":["GET"]}}],"collection":[{"href":"https:\/\/cnejec.fr\/index.php\/wp-json\/wp\/v2\/pages"}],"about":[{"href":"https:\/\/cnejec.fr\/index.php\/wp-json\/wp\/v2\/types\/page"}],"author":[{"embeddable":true,"href":"https:\/\/cnejec.fr\/index.php\/wp-json\/wp\/v2\/users\/1"}],"replies":[{"embeddable":true,"href":"https:\/\/cnejec.fr\/index.php\/wp-json\/wp\/v2\/comments?post=15"}],"version-history":[{"count":12,"href":"https:\/\/cnejec.fr\/index.php\/wp-json\/wp\/v2\/pages\/15\/revisions"}],"predecessor-version":[{"id":282,"href":"https:\/\/cnejec.fr\/index.php\/wp-json\/wp\/v2\/pages\/15\/revisions\/282"}],"wp:featuredmedia":[{"embeddable":true,"href":"https:\/\/cnejec.fr\/index.php\/wp-json\/wp\/v2\/media\/100"}],"wp:attachment":[{"href":"https:\/\/cnejec.fr\/index.php\/wp-json\/wp\/v2\/media?parent=15"}],"curies":[{"name":"wp","href":"https:\/\/api.w.org\/{rel}","templated":true}]}}