{"id":130,"date":"2023-01-20T12:08:14","date_gmt":"2023-01-20T11:08:14","guid":{"rendered":"http:\/\/cnejec.fr\/?page_id=130"},"modified":"2024-10-28T15:34:07","modified_gmt":"2024-10-28T14:34:07","slug":"regles-de-deontologie","status":"publish","type":"page","link":"https:\/\/cnejec.fr\/index.php\/regles-de-deontologie\/","title":{"rendered":"R\u00e8gles de d\u00e9ontologie"},"content":{"rendered":"\n<p>Les r\u00e8gles de d\u00e9ontologie de l&#8217;expert de justice ont \u00e9t\u00e9 \u00e9tablies par le Conseil National des Compagnies d&#8217;Experts de Justice (CNCEJ). Leur r\u00e9daction est plus orient\u00e9e sur la d\u00e9finition de principes de base que sur le rappel des textes dont la teneur figure dans plusieurs publications du Conseil national, en particulier dans le Vade-mecum de l\u2019expert de justice (en t\u00e9l\u00e9chargement libre dans l&#8217;onglet &#8220;Documentation&#8221;).<\/p>\n\n\n\n<p>La premi\u00e8re \u00e9dition des r\u00e8gles de d\u00e9ontologie de l\u2019expert a \u00e9t\u00e9 publi\u00e9e en juillet 1978 \u00e0 l\u2019initiative de Messieurs THOUVENOT et SAGE, deux pr\u00e9sidents du CNCEJ. C\u2019\u00e9tait la premi\u00e8re fois que l\u2019attention des experts \u00e9tait attir\u00e9e dans un texte sur la n\u00e9cessit\u00e9 d\u2019adopter une d\u00e9ontologie rigoureuse.<\/p>\n\n\n\n<p>L\u2019expertise de Justice n\u2019\u00e9tant pas une profession, il ne s\u2019agit pas d\u2019un code de d\u00e9ontologie, \u00e0 l\u2019instar de celui des professions r\u00e9glement\u00e9es, mais d\u2019un ensemble de r\u00e8gles con\u00e7ues et adopt\u00e9es par les experts eux-m\u00eames.<\/p>\n\n\n\n<p>La derni\u00e8re \u00e9dition de 2018 des r\u00e8gles de d\u00e9ontologie vise \u00e9galement \u00e0 clarifier la situation de l\u2019expert intervenant comme consultant technique \u00e0 la demande d\u2019une partie. En effet, le respect d\u2019une d\u00e9ontologie exigeante, propre \u00e0 valoriser davantage le mod\u00e8le fran\u00e7ais de l\u2019expertise de justice, s\u2019impose \u00e0 toutes les interventions d\u2019un expert dans la r\u00e9solution des litiges.<\/p>\n\n\n\n<p>Lien de t\u00e9l\u00e9chargement : <a href=\"http:\/\/cnejec.fr\/wp-content\/uploads\/2023\/01\/REGLES_DE_DEONTOLOGIE_13SEPTEMBRE2017_DEFINITIF.pdf___text-le-fondement-dune-deontologiede-probite-et-de-loyaute..pdf\" target=\"_blank\" rel=\"noreferrer noopener\">R\u00e8gles de d\u00e9ontologie de l&#8217;expert de justice (version 2018)<\/a><\/p>\n","protected":false},"excerpt":{"rendered":"<p>Les r\u00e8gles de d\u00e9ontologie de l&#8217;expert de justice ont \u00e9t\u00e9 \u00e9tablies par le Conseil National des Compagnies d&#8217;Experts de Justice (CNCEJ). Leur r\u00e9daction est plus orient\u00e9e sur la d\u00e9finition de principes de base que sur le rappel des textes dont la teneur figure dans plusieurs publications du Conseil national, en particulier dans le Vade-mecum de &hellip; <\/p>\n<p class=\"link-more\"><a href=\"https:\/\/cnejec.fr\/index.php\/regles-de-deontologie\/\" class=\"more-link\">Read more<span class=\"screen-reader-text\"> &#8220;R\u00e8gles de d\u00e9ontologie&#8221;<\/span><\/a><\/p>\n","protected":false},"author":1,"featured_media":0,"parent":0,"menu_order":0,"comment_status":"closed","ping_status":"closed","template":"","meta":{"footnotes":""},"class_list":["post-130","page","type-page","status-publish","hentry"],"featured_media_urls":[],"_links":{"self":[{"href":"https:\/\/cnejec.fr\/index.php\/wp-json\/wp\/v2\/pages\/130","targetHints":{"allow":["GET"]}}],"collection":[{"href":"https:\/\/cnejec.fr\/index.php\/wp-json\/wp\/v2\/pages"}],"about":[{"href":"https:\/\/cnejec.fr\/index.php\/wp-json\/wp\/v2\/types\/page"}],"author":[{"embeddable":true,"href":"https:\/\/cnejec.fr\/index.php\/wp-json\/wp\/v2\/users\/1"}],"replies":[{"embeddable":true,"href":"https:\/\/cnejec.fr\/index.php\/wp-json\/wp\/v2\/comments?post=130"}],"version-history":[{"count":5,"href":"https:\/\/cnejec.fr\/index.php\/wp-json\/wp\/v2\/pages\/130\/revisions"}],"predecessor-version":[{"id":320,"href":"https:\/\/cnejec.fr\/index.php\/wp-json\/wp\/v2\/pages\/130\/revisions\/320"}],"wp:attachment":[{"href":"https:\/\/cnejec.fr\/index.php\/wp-json\/wp\/v2\/media?parent=130"}],"curies":[{"name":"wp","href":"https:\/\/api.w.org\/{rel}","templated":true}]}}