{"id":126,"date":"2023-01-20T12:08:14","date_gmt":"2023-01-20T11:08:14","guid":{"rendered":"http:\/\/cnejec.fr\/?page_id=126"},"modified":"2026-04-08T15:54:32","modified_gmt":"2026-04-08T13:54:32","slug":"bureau","status":"publish","type":"page","link":"https:\/\/cnejec.fr\/index.php\/bureau\/","title":{"rendered":"Bureau"},"content":{"rendered":"\n<h2 class=\"wp-block-heading\">Pr\u00e9sident<\/h2>\n\n\n\n<p><strong>Mathieu BORDET<\/strong>, expert pr\u00e8s la Cour d&#8217;appel de Lyon<br>Portable : 06 71 29 23 77 &#8211; Courriel : president@cnejec.fr<\/p>\n\n\n\n<h2 class=\"wp-block-heading\">Vice-pr\u00e9sident<\/h2>\n\n\n\n<p><strong>Herv\u00e9 LANOY<\/strong>, expert pr\u00e8s la Cour d&#8217;Appel de Paris<br>Portable : 06 07 73 53 52 &#8211; Courriel : vice-president@cnejec.fr<\/p>\n\n\n\n<h2 class=\"wp-block-heading\">Secr\u00e9taire g\u00e9n\u00e9ral<\/h2>\n\n\n\n<p><strong>Marie-H\u00e9l\u00e8ne QUANTIN MORGAT<\/strong>, expert pr\u00e8s la Cour d&#8217;appel de Lyon<br>Portable : 06 18 78 49 31 &#8211; Courriel : secretairegeneral@cnejec.fr<\/p>\n\n\n\n<h2 class=\"wp-block-heading\">Tr\u00e9sorier<\/h2>\n\n\n\n<p><strong><font dir=\"auto\" style=\"vertical-align: inherit;\"><font dir=\"auto\" style=\"vertical-align: inherit;\">Fran\u00e7ois BAYLE<\/font><\/font><\/strong><font dir=\"auto\" style=\"vertical-align: inherit;\"><font dir=\"auto\" style=\"vertical-align: inherit;\"> , expert pr\u00e8s la Cour d&#8217;appel de Lyon <\/font><\/font><br><font dir=\"auto\" style=\"vertical-align: inherit;\"><font dir=\"auto\" style=\"vertical-align: inherit;\">Portable : 06 76 47 22 91 &#8211; Courriel : tresorier@cnejec.fr<\/font><\/font><\/p>\n","protected":false},"excerpt":{"rendered":"<p>Pr\u00e9sident Mathieu BORDET, expert pr\u00e8s la Cour d&#8217;appel de LyonPortable : 06 71 29 23 77 &#8211; Courriel : president@cnejec.fr Vice-pr\u00e9sident Herv\u00e9 LANOY, expert pr\u00e8s la Cour d&#8217;Appel de ParisPortable : 06 07 73 53 52 &#8211; Courriel : vice-president@cnejec.fr Secr\u00e9taire g\u00e9n\u00e9ral Marie-H\u00e9l\u00e8ne QUANTIN MORGAT, expert pr\u00e8s la Cour d&#8217;appel de LyonPortable : 06 18 &hellip; <\/p>\n<p class=\"link-more\"><a href=\"https:\/\/cnejec.fr\/index.php\/bureau\/\" class=\"more-link\">Read more<span class=\"screen-reader-text\"> &#8220;Bureau&#8221;<\/span><\/a><\/p>\n","protected":false},"author":1,"featured_media":0,"parent":0,"menu_order":0,"comment_status":"closed","ping_status":"closed","template":"","meta":{"footnotes":""},"class_list":["post-126","page","type-page","status-publish","hentry"],"featured_media_urls":[],"_links":{"self":[{"href":"https:\/\/cnejec.fr\/index.php\/wp-json\/wp\/v2\/pages\/126","targetHints":{"allow":["GET"]}}],"collection":[{"href":"https:\/\/cnejec.fr\/index.php\/wp-json\/wp\/v2\/pages"}],"about":[{"href":"https:\/\/cnejec.fr\/index.php\/wp-json\/wp\/v2\/types\/page"}],"author":[{"embeddable":true,"href":"https:\/\/cnejec.fr\/index.php\/wp-json\/wp\/v2\/users\/1"}],"replies":[{"embeddable":true,"href":"https:\/\/cnejec.fr\/index.php\/wp-json\/wp\/v2\/comments?post=126"}],"version-history":[{"count":3,"href":"https:\/\/cnejec.fr\/index.php\/wp-json\/wp\/v2\/pages\/126\/revisions"}],"predecessor-version":[{"id":352,"href":"https:\/\/cnejec.fr\/index.php\/wp-json\/wp\/v2\/pages\/126\/revisions\/352"}],"wp:attachment":[{"href":"https:\/\/cnejec.fr\/index.php\/wp-json\/wp\/v2\/media?parent=126"}],"curies":[{"name":"wp","href":"https:\/\/api.w.org\/{rel}","templated":true}]}}